{"id":3,"date":"2025-03-22T07:38:54","date_gmt":"2025-03-22T07:38:54","guid":{"rendered":"https:\/\/kranservice-greussing.com\/?page_id=3"},"modified":"2025-05-07T09:01:35","modified_gmt":"2025-05-07T08:01:35","slug":"data-protection","status":"publish","type":"page","link":"https:\/\/kranservice-greussing.com\/en\/data-protection\/","title":{"rendered":"Data protection"},"content":{"rendered":"<div data-elementor-type=\"wp-page\" data-elementor-id=\"3\" class=\"elementor elementor-3\" data-elementor-post-type=\"page\">\n\t\t\t\t<div class=\"elementor-element elementor-element-2b7af9f e-flex e-con-boxed e-con e-parent\" data-id=\"2b7af9f\" data-element_type=\"container\" data-settings=\"{&quot;background_background&quot;:&quot;classic&quot;}\">\n\t\t\t\t\t<div class=\"e-con-inner\">\n\t\t<div class=\"elementor-element elementor-element-cb1b2c7 e-con-full e-flex e-con e-child\" data-id=\"cb1b2c7\" data-element_type=\"container\">\n\t\t\t\t<div class=\"elementor-element elementor-element-11dd47e elementor-widget elementor-widget-heading\" data-id=\"11dd47e\" data-element_type=\"widget\" data-widget_type=\"heading.default\">\n\t\t\t\t<div class=\"elementor-widget-container\">\n\t\t\t\t\t<h3 class=\"elementor-heading-title elementor-size-default\">Greussing Crane Service<\/h3>\t\t\t\t<\/div>\n\t\t\t\t<\/div>\n\t\t\t\t<div class=\"elementor-element elementor-element-7921d54 elementor-widget elementor-widget-heading\" data-id=\"7921d54\" data-element_type=\"widget\" data-widget_type=\"heading.default\">\n\t\t\t\t<div class=\"elementor-widget-container\">\n\t\t\t\t\t<h1 class=\"elementor-heading-title elementor-size-default\">Data protection<\/h1>\t\t\t\t<\/div>\n\t\t\t\t<\/div>\n\t\t\t\t<\/div>\n\t\t<div class=\"elementor-element elementor-element-26ce9c9 e-con-full e-flex e-con e-child\" data-id=\"26ce9c9\" data-element_type=\"container\">\n\t\t\t\t<div class=\"elementor-element elementor-element-adaf6a9 elementor-widget elementor-widget-menu-anchor\" data-id=\"adaf6a9\" data-element_type=\"widget\" data-widget_type=\"menu-anchor.default\">\n\t\t\t\t<div class=\"elementor-widget-container\">\n\t\t\t\t\t\t\t<div class=\"elementor-menu-anchor\" id=\"mehr\"><\/div>\n\t\t\t\t\t\t<\/div>\n\t\t\t\t<\/div>\n\t\t\t\t<\/div>\n\t\t\t\t\t<\/div>\n\t\t\t\t<\/div>\n\t\t<div class=\"elementor-element elementor-element-e8ca0f8 e-flex e-con-boxed e-con e-parent\" data-id=\"e8ca0f8\" data-element_type=\"container\">\n\t\t\t\t\t<div class=\"e-con-inner\">\n\t\t<div class=\"elementor-element elementor-element-d664fda e-con-full e-flex e-con e-child\" data-id=\"d664fda\" data-element_type=\"container\">\n\t\t\t\t<div class=\"elementor-element elementor-element-efaf649 elementor-widget elementor-widget-text-editor\" data-id=\"efaf649\" data-element_type=\"widget\" data-widget_type=\"text-editor.default\">\n\t\t\t\t<div class=\"elementor-widget-container\">\n\t\t\t\t\t\t\t\t\t<h2 class=\"\" data-start=\"347\" data-end=\"372\">1. general information<\/h2><p class=\"\" data-start=\"374\" data-end=\"622\">The protection of your personal data is of particular concern to us. We, the <strong>Greussing Kran- und Anlagentechnik GmbH<\/strong>We treat your personal data confidentially and in accordance with the statutory data protection regulations and this privacy policy.<\/p><p class=\"\" data-start=\"624\" data-end=\"813\">This privacy policy informs you about the type, scope and purpose of the processing of personal data within our online offering and about your rights as a data subject.<\/p><h2 class=\"\" data-start=\"815\" data-end=\"837\">2. responsible person<\/h2><p class=\"\" data-start=\"839\" data-end=\"940\"><strong>Stefan Greussing<br \/><\/strong>Greussing Kran- und Anlagentechnik GmbH<br data-start=\"864\" data-end=\"867\" \/>Bersbuch 745<br \/>6866 Andelsbuch<br data-start=\"885\" data-end=\"888\" \/><br \/>T: <span style=\"text-decoration: underline;\"><a href=\"tel:05512 26321\">05512 26321<\/a><\/span><br data-start=\"912\" data-end=\"915\" \/>E: <span style=\"text-decoration: underline;\"><a href=\"mailto:office@kranservice-greussing.com\">office@kranservice-greussing.com<\/a><\/span><\/p><p class=\"\" data-start=\"942\" data-end=\"1036\">The company named above is responsible for data processing on this website.<\/p><h2 class=\"\" data-start=\"1038\" data-end=\"1127\">3. collection and storage of personal data and type and purpose of use<\/h2><h3 class=\"\" data-start=\"1129\" data-end=\"1161\">a) When visiting the website<\/h3><p class=\"\" data-start=\"1162\" data-end=\"1427\">When you visit our website, the browser used on your device automatically sends information to our server. This information is temporarily stored in a so-called log file. The following data may be recorded:<\/p><ul data-start=\"1429\" data-end=\"1699\"><li class=\"\" data-start=\"1429\" data-end=\"1468\"><p class=\"\" data-start=\"1431\" data-end=\"1468\">IP address of the requesting computer<\/p><\/li><li class=\"\" data-start=\"1469\" data-end=\"1503\"><p class=\"\" data-start=\"1471\" data-end=\"1503\">Date and time of access<\/p><\/li><li class=\"\" data-start=\"1504\" data-end=\"1542\"><p class=\"\" data-start=\"1506\" data-end=\"1542\">Name and URL of the retrieved file<\/p><\/li><li class=\"\" data-start=\"1543\" data-end=\"1602\"><p class=\"\" data-start=\"1545\" data-end=\"1602\">Website from which the access is made (referrer URL)<\/p><\/li><li class=\"\" data-start=\"1603\" data-end=\"1669\"><p class=\"\" data-start=\"1605\" data-end=\"1669\">Browser used and, if applicable, the operating system of your computer<\/p><\/li><li class=\"\" data-start=\"1670\" data-end=\"1699\"><p class=\"\" data-start=\"1672\" data-end=\"1699\">Name of your access provider<\/p><\/li><\/ul><p class=\"\" data-start=\"1701\" data-end=\"1972\">This data is used exclusively to ensure a smooth connection setup, to evaluate system security and stability and for administrative purposes. This data is not merged with other data sources.<\/p><h3 class=\"\" data-start=\"1974\" data-end=\"2019\">b) When using our contact form<\/h3><p class=\"\" data-start=\"2020\" data-end=\"2288\">If you send us inquiries using the form, your details, including the contact details you provide, will be stored by us for the purpose of processing the inquiry and in the event of follow-up questions. We will not pass on this data without your consent.<\/p><h2 class=\"\" data-start=\"2290\" data-end=\"2329\">4. legal bases of the processing<\/h2><p class=\"\" data-start=\"2331\" data-end=\"2424\">Your data is processed on the basis of the following legal bases in accordance with Art. 6 GDPR:<\/p><ul data-start=\"2426\" data-end=\"2626\"><li class=\"\" data-start=\"2426\" data-end=\"2507\"><p class=\"\" data-start=\"2428\" data-end=\"2507\">Art. 6 para. 1 lit. b GDPR (fulfillment of contract or pre-contractual measures)<\/p><\/li><li class=\"\" data-start=\"2508\" data-end=\"2563\"><p class=\"\" data-start=\"2510\" data-end=\"2563\">Art. 6 para. 1 lit. f GDPR (legitimate interest)<\/p><\/li><li class=\"\" data-start=\"2564\" data-end=\"2626\"><p class=\"\" data-start=\"2566\" data-end=\"2626\">If consent has been given: Art. 6 para. 1 lit. a GDPR<\/p><\/li><\/ul><h2 class=\"\" data-start=\"2628\" data-end=\"2654\">5. disclosure of data<\/h2><p class=\"\" data-start=\"2656\" data-end=\"2781\">Your personal data will not be transferred to third parties for purposes other than those listed below.<\/p><p class=\"\" data-start=\"2783\" data-end=\"2844\">We only pass on your personal data to third parties if:<\/p><ul data-start=\"2846\" data-end=\"3271\"><li class=\"\" data-start=\"2846\" data-end=\"2905\"><p class=\"\" data-start=\"2848\" data-end=\"2905\">you have given your express consent,<\/p><\/li><li class=\"\" data-start=\"2906\" data-end=\"2984\"><p class=\"\" data-start=\"2908\" data-end=\"2984\">the processing is necessary for the performance of a contract with you,<\/p><\/li><li class=\"\" data-start=\"2985\" data-end=\"3069\"><p class=\"\" data-start=\"2987\" data-end=\"3069\">the processing is necessary for compliance with a legal obligation,<\/p><\/li><li class=\"\" data-start=\"3070\" data-end=\"3271\"><p class=\"\" data-start=\"3072\" data-end=\"3271\">the processing is necessary to safeguard legitimate interests and there is no reason to assume that you have an overriding interest worthy of protection in the non-disclosure of your data.<\/p><\/li><\/ul><h2 class=\"\" data-start=\"3273\" data-end=\"3290\">6. your rights<\/h2><p class=\"\" data-start=\"3292\" data-end=\"3376\">Within the framework of the applicable legal provisions, you have the right at any time to:<\/p><ul data-start=\"3378\" data-end=\"3757\"><li class=\"\" data-start=\"3378\" data-end=\"3454\"><p class=\"\" data-start=\"3380\" data-end=\"3454\">Information about your stored personal data (Art. 15 GDPR)<\/p><\/li><li class=\"\" data-start=\"3455\" data-end=\"3505\"><p class=\"\" data-start=\"3457\" data-end=\"3505\">Correction of incorrect data (Art. 16 GDPR)<\/p><\/li><li class=\"\" data-start=\"3506\" data-end=\"3546\"><p class=\"\" data-start=\"3508\" data-end=\"3546\">Deletion of your data (Art. 17 GDPR)<\/p><\/li><li class=\"\" data-start=\"3547\" data-end=\"3597\"><p class=\"\" data-start=\"3549\" data-end=\"3597\">Restriction of processing (Art. 18 GDPR)<\/p><\/li><li class=\"\" data-start=\"3598\" data-end=\"3638\"><p class=\"\" data-start=\"3600\" data-end=\"3638\">Data portability (Art. 20 GDPR)<\/p><\/li><li class=\"\" data-start=\"3639\" data-end=\"3693\"><p class=\"\" data-start=\"3641\" data-end=\"3693\">Objection to the processing (Art. 21 GDPR)<\/p><\/li><li class=\"\" data-start=\"3694\" data-end=\"3757\"><p class=\"\" data-start=\"3696\" data-end=\"3757\">Revocation of a given consent (Art. 7 para. 3 GDPR)<\/p><\/li><\/ul><p class=\"\" data-start=\"3759\" data-end=\"3836\">To exercise your rights, please contact: <span style=\"text-decoration: underline;\"><a href=\"mailto:office@kranservice-greussing.com\">office@kranservice-greussing.com<\/a><\/span><\/p><h2 class=\"\" data-start=\"3838\" data-end=\"3851\">7. cookies<\/h2><p class=\"\" data-start=\"3853\" data-end=\"4057\">Our website may use cookies. Cookies do not damage your end device and do not contain viruses. They serve to make our website more user-friendly, effective and secure.<\/p><p class=\"\" data-start=\"4059\" data-end=\"4185\">Details on the cookies used and their storage duration can be found in our <strong data-start=\"4145\" data-end=\"4166\">Cookie policy<\/strong>if available.<\/p><h2 class=\"\" data-start=\"4187\" data-end=\"4225\">8. security of data processing<\/h2><p class=\"\" data-start=\"4227\" data-end=\"4404\">We use suitable technical and organizational measures to protect your data against manipulation, loss, destruction or unauthorized access by third parties.<\/p><h2 class=\"\" data-start=\"4406\" data-end=\"4450\">9. changes to this privacy policy<\/h2><p class=\"\" data-start=\"4452\" data-end=\"4670\">We reserve the right to amend this privacy policy if necessary so that it always complies with current legal requirements. The current privacy policy will then apply to your next visit.<\/p><p data-start=\"4452\" data-end=\"4670\">Status: May 2025<\/p>\t\t\t\t\t\t\t\t<\/div>\n\t\t\t\t<\/div>\n\t\t\t\t<\/div>\n\t\t<div class=\"elementor-element elementor-element-36e4601 e-con-full e-flex e-con e-child\" data-id=\"36e4601\" data-element_type=\"container\">\n\t\t\t\t<\/div>\n\t\t\t\t\t<\/div>\n\t\t\t\t<\/div>\n\t\t\t\t<\/div>","protected":false},"excerpt":{"rendered":"<p>Greussing Kranservice Data protection 1 General information The protection of your personal data is of particular concern to us. We, Greussing Kran- und Anlagentechnik GmbH, treat your personal data confidentially and in accordance with the statutory data protection regulations and this privacy policy. This data protection declaration informs you about the type, scope and purpose of the processing of personal data within our online offer and about your [...]<\/p>","protected":false},"author":1,"featured_media":0,"parent":0,"menu_order":0,"comment_status":"closed","ping_status":"open","template":"elementor_header_footer","meta":{"inline_featured_image":false,"footnotes":""},"class_list":["post-3","page","type-page","status-publish","hentry"],"yoast_head":"<!-- This site is optimized with the Yoast SEO plugin v26.5 - https:\/\/yoast.com\/wordpress\/plugins\/seo\/ -->\n<title>Datenschutz - Kranservice Greussing<\/title>\n<meta name=\"robots\" content=\"index, follow, max-snippet:-1, max-image-preview:large, max-video-preview:-1\" \/>\n<link rel=\"canonical\" href=\"https:\/\/neu.kranservice-greussing.com\/datenschutz\/\" \/>\n<meta property=\"og:locale\" content=\"en_US\" \/>\n<meta property=\"og:type\" content=\"article\" \/>\n<meta property=\"og:title\" content=\"Datenschutz - Kranservice Greussing\" \/>\n<meta property=\"og:description\" content=\"Greussing Kranservice Datenschutz 1. Allgemeine Hinweise Der Schutz Ihrer pers\u00f6nlichen Daten ist uns ein besonderes Anliegen. Wir, die Greussing Kran- und Anlagentechnik GmbH, behandeln Ihre personenbezogenen Daten vertraulich und entsprechend der gesetzlichen Datenschutzvorschriften sowie dieser Datenschutzerkl\u00e4rung. Diese Datenschutzerkl\u00e4rung informiert Sie \u00fcber Art, Umfang und Zweck der Verarbeitung personenbezogener Daten innerhalb unseres Online-Angebots sowie \u00fcber Ihre [&hellip;]\" \/>\n<meta property=\"og:url\" content=\"https:\/\/neu.kranservice-greussing.com\/datenschutz\/\" \/>\n<meta property=\"og:site_name\" content=\"Kranservice Greussing\" \/>\n<meta property=\"article:modified_time\" content=\"2025-05-07T08:01:35+00:00\" \/>\n<meta name=\"twitter:card\" content=\"summary_large_image\" \/>\n<meta name=\"twitter:label1\" content=\"Est. reading time\" \/>\n\t<meta name=\"twitter:data1\" content=\"4 minutes\" \/>\n<script type=\"application\/ld+json\" class=\"yoast-schema-graph\">{\"@context\":\"https:\/\/schema.org\",\"@graph\":[{\"@type\":\"WebPage\",\"@id\":\"https:\/\/neu.kranservice-greussing.com\/datenschutz\/\",\"url\":\"https:\/\/neu.kranservice-greussing.com\/datenschutz\/\",\"name\":\"Datenschutz - Kranservice Greussing\",\"isPartOf\":{\"@id\":\"https:\/\/neu.kranservice-greussing.com\/#website\"},\"datePublished\":\"2025-03-22T07:38:54+00:00\",\"dateModified\":\"2025-05-07T08:01:35+00:00\",\"breadcrumb\":{\"@id\":\"https:\/\/neu.kranservice-greussing.com\/datenschutz\/#breadcrumb\"},\"inLanguage\":\"en-US\",\"potentialAction\":[{\"@type\":\"ReadAction\",\"target\":[\"https:\/\/neu.kranservice-greussing.com\/datenschutz\/\"]}]},{\"@type\":\"BreadcrumbList\",\"@id\":\"https:\/\/neu.kranservice-greussing.com\/datenschutz\/#breadcrumb\",\"itemListElement\":[{\"@type\":\"ListItem\",\"position\":1,\"name\":\"Home\",\"item\":\"https:\/\/kranservice-greussing.com\/\"},{\"@type\":\"ListItem\",\"position\":2,\"name\":\"Datenschutz\"}]},{\"@type\":\"WebSite\",\"@id\":\"https:\/\/neu.kranservice-greussing.com\/#website\",\"url\":\"https:\/\/neu.kranservice-greussing.com\/\",\"name\":\"Kranservice Greussing\",\"description\":\"\",\"publisher\":{\"@id\":\"https:\/\/neu.kranservice-greussing.com\/#organization\"},\"potentialAction\":[{\"@type\":\"SearchAction\",\"target\":{\"@type\":\"EntryPoint\",\"urlTemplate\":\"https:\/\/neu.kranservice-greussing.com\/?s={search_term_string}\"},\"query-input\":{\"@type\":\"PropertyValueSpecification\",\"valueRequired\":true,\"valueName\":\"search_term_string\"}}],\"inLanguage\":\"en-US\"},{\"@type\":\"Organization\",\"@id\":\"https:\/\/neu.kranservice-greussing.com\/#organization\",\"name\":\"Kranservice Greussing\",\"url\":\"https:\/\/neu.kranservice-greussing.com\/\",\"logo\":{\"@type\":\"ImageObject\",\"inLanguage\":\"en-US\",\"@id\":\"https:\/\/neu.kranservice-greussing.com\/#\/schema\/logo\/image\/\",\"url\":\"https:\/\/kranservice-greussing.com\/wp-content\/uploads\/2025\/03\/Greussing-Logo-2025.svg\",\"contentUrl\":\"https:\/\/kranservice-greussing.com\/wp-content\/uploads\/2025\/03\/Greussing-Logo-2025.svg\",\"width\":157,\"height\":122,\"caption\":\"Kranservice Greussing\"},\"image\":{\"@id\":\"https:\/\/neu.kranservice-greussing.com\/#\/schema\/logo\/image\/\"}}]}<\/script>\n<!-- \/ Yoast SEO plugin. -->","yoast_head_json":{"title":"Data protection - Kranservice Greussing","robots":{"index":"index","follow":"follow","max-snippet":"max-snippet:-1","max-image-preview":"max-image-preview:large","max-video-preview":"max-video-preview:-1"},"canonical":"https:\/\/neu.kranservice-greussing.com\/datenschutz\/","og_locale":"en_US","og_type":"article","og_title":"Datenschutz - Kranservice Greussing","og_description":"Greussing Kranservice Datenschutz 1. Allgemeine Hinweise Der Schutz Ihrer pers\u00f6nlichen Daten ist uns ein besonderes Anliegen. Wir, die Greussing Kran- und Anlagentechnik GmbH, behandeln Ihre personenbezogenen Daten vertraulich und entsprechend der gesetzlichen Datenschutzvorschriften sowie dieser Datenschutzerkl\u00e4rung. Diese Datenschutzerkl\u00e4rung informiert Sie \u00fcber Art, Umfang und Zweck der Verarbeitung personenbezogener Daten innerhalb unseres Online-Angebots sowie \u00fcber Ihre [&hellip;]","og_url":"https:\/\/neu.kranservice-greussing.com\/datenschutz\/","og_site_name":"Kranservice Greussing","article_modified_time":"2025-05-07T08:01:35+00:00","twitter_card":"summary_large_image","twitter_misc":{"Est. reading time":"4 minutes"},"schema":{"@context":"https:\/\/schema.org","@graph":[{"@type":"WebPage","@id":"https:\/\/neu.kranservice-greussing.com\/datenschutz\/","url":"https:\/\/neu.kranservice-greussing.com\/datenschutz\/","name":"Data protection - Kranservice Greussing","isPartOf":{"@id":"https:\/\/neu.kranservice-greussing.com\/#website"},"datePublished":"2025-03-22T07:38:54+00:00","dateModified":"2025-05-07T08:01:35+00:00","breadcrumb":{"@id":"https:\/\/neu.kranservice-greussing.com\/datenschutz\/#breadcrumb"},"inLanguage":"en-US","potentialAction":[{"@type":"ReadAction","target":["https:\/\/neu.kranservice-greussing.com\/datenschutz\/"]}]},{"@type":"BreadcrumbList","@id":"https:\/\/neu.kranservice-greussing.com\/datenschutz\/#breadcrumb","itemListElement":[{"@type":"ListItem","position":1,"name":"Home","item":"https:\/\/kranservice-greussing.com\/"},{"@type":"ListItem","position":2,"name":"Datenschutz"}]},{"@type":"WebSite","@id":"https:\/\/neu.kranservice-greussing.com\/#website","url":"https:\/\/neu.kranservice-greussing.com\/","name":"Crane service Greussing","description":"","publisher":{"@id":"https:\/\/neu.kranservice-greussing.com\/#organization"},"potentialAction":[{"@type":"SearchAction","target":{"@type":"EntryPoint","urlTemplate":"https:\/\/neu.kranservice-greussing.com\/?s={search_term_string}"},"query-input":{"@type":"PropertyValueSpecification","valueRequired":true,"valueName":"search_term_string"}}],"inLanguage":"en-US"},{"@type":"Organization","@id":"https:\/\/neu.kranservice-greussing.com\/#organization","name":"Crane service Greussing","url":"https:\/\/neu.kranservice-greussing.com\/","logo":{"@type":"ImageObject","inLanguage":"en-US","@id":"https:\/\/neu.kranservice-greussing.com\/#\/schema\/logo\/image\/","url":"https:\/\/kranservice-greussing.com\/wp-content\/uploads\/2025\/03\/Greussing-Logo-2025.svg","contentUrl":"https:\/\/kranservice-greussing.com\/wp-content\/uploads\/2025\/03\/Greussing-Logo-2025.svg","width":157,"height":122,"caption":"Kranservice Greussing"},"image":{"@id":"https:\/\/neu.kranservice-greussing.com\/#\/schema\/logo\/image\/"}}]}},"_links":{"self":[{"href":"https:\/\/kranservice-greussing.com\/en\/wp-json\/wp\/v2\/pages\/3","targetHints":{"allow":["GET"]}}],"collection":[{"href":"https:\/\/kranservice-greussing.com\/en\/wp-json\/wp\/v2\/pages"}],"about":[{"href":"https:\/\/kranservice-greussing.com\/en\/wp-json\/wp\/v2\/types\/page"}],"author":[{"embeddable":true,"href":"https:\/\/kranservice-greussing.com\/en\/wp-json\/wp\/v2\/users\/1"}],"replies":[{"embeddable":true,"href":"https:\/\/kranservice-greussing.com\/en\/wp-json\/wp\/v2\/comments?post=3"}],"version-history":[{"count":10,"href":"https:\/\/kranservice-greussing.com\/en\/wp-json\/wp\/v2\/pages\/3\/revisions"}],"predecessor-version":[{"id":1329,"href":"https:\/\/kranservice-greussing.com\/en\/wp-json\/wp\/v2\/pages\/3\/revisions\/1329"}],"wp:attachment":[{"href":"https:\/\/kranservice-greussing.com\/en\/wp-json\/wp\/v2\/media?parent=3"}],"curies":[{"name":"wp","href":"https:\/\/api.w.org\/{rel}","templated":true}]}}