{"id":1308,"date":"2025-05-07T08:38:13","date_gmt":"2025-05-07T07:38:13","guid":{"rendered":"https:\/\/kranservice-greussing.com\/?page_id=1308"},"modified":"2025-05-07T08:46:11","modified_gmt":"2025-05-07T07:46:11","slug":"accessibility","status":"publish","type":"page","link":"https:\/\/kranservice-greussing.com\/en\/accessibility\/","title":{"rendered":"Accessibility"},"content":{"rendered":"<div data-elementor-type=\"wp-page\" data-elementor-id=\"1308\" class=\"elementor elementor-1308\" data-elementor-post-type=\"page\">\n\t\t\t\t<div class=\"elementor-element elementor-element-c301c25 e-flex e-con-boxed e-con e-parent\" data-id=\"c301c25\" data-element_type=\"container\" data-settings=\"{&quot;background_background&quot;:&quot;classic&quot;}\">\n\t\t\t\t\t<div class=\"e-con-inner\">\n\t\t<div class=\"elementor-element elementor-element-8663a4e e-con-full e-flex e-con e-child\" data-id=\"8663a4e\" data-element_type=\"container\">\n\t\t\t\t<div class=\"elementor-element elementor-element-f62fcb6 elementor-widget elementor-widget-heading\" data-id=\"f62fcb6\" data-element_type=\"widget\" data-widget_type=\"heading.default\">\n\t\t\t\t<div class=\"elementor-widget-container\">\n\t\t\t\t\t<h3 class=\"elementor-heading-title elementor-size-default\">Greussing Crane Service<\/h3>\t\t\t\t<\/div>\n\t\t\t\t<\/div>\n\t\t\t\t<div class=\"elementor-element elementor-element-03ff9ae elementor-widget elementor-widget-heading\" data-id=\"03ff9ae\" data-element_type=\"widget\" data-widget_type=\"heading.default\">\n\t\t\t\t<div class=\"elementor-widget-container\">\n\t\t\t\t\t<h1 class=\"elementor-heading-title elementor-size-default\">Accessibility<\/h1>\t\t\t\t<\/div>\n\t\t\t\t<\/div>\n\t\t\t\t<\/div>\n\t\t<div class=\"elementor-element elementor-element-d156004 e-con-full e-flex e-con e-child\" data-id=\"d156004\" data-element_type=\"container\">\n\t\t\t\t<div class=\"elementor-element elementor-element-c099e62 elementor-widget elementor-widget-menu-anchor\" data-id=\"c099e62\" data-element_type=\"widget\" data-widget_type=\"menu-anchor.default\">\n\t\t\t\t<div class=\"elementor-widget-container\">\n\t\t\t\t\t\t\t<div class=\"elementor-menu-anchor\" id=\"mehr\"><\/div>\n\t\t\t\t\t\t<\/div>\n\t\t\t\t<\/div>\n\t\t\t\t<\/div>\n\t\t\t\t\t<\/div>\n\t\t\t\t<\/div>\n\t\t<div class=\"elementor-element elementor-element-c893722 e-flex e-con-boxed e-con e-parent\" data-id=\"c893722\" data-element_type=\"container\">\n\t\t\t\t\t<div class=\"e-con-inner\">\n\t\t<div class=\"elementor-element elementor-element-84fe76a e-con-full e-flex e-con e-child\" data-id=\"84fe76a\" data-element_type=\"container\">\n\t\t\t\t<div class=\"elementor-element elementor-element-dfa6df2 elementor-widget elementor-widget-text-editor\" data-id=\"dfa6df2\" data-element_type=\"widget\" data-widget_type=\"text-editor.default\">\n\t\t\t\t<div class=\"elementor-widget-container\">\n\t\t\t\t\t\t\t\t\t<p>To improve the user-friendliness of our website and ensure accessibility for all, we use the <strong>Ally plugin from Elementor<\/strong>. This user-friendly tool makes it possible to provide important accessibility functions, such as.<\/p><ul><li><strong>Adjusting the contrast<\/strong>Users can adjust the color contrast of the website individually, which is particularly helpful for people with visual impairments.<\/li><li><strong>Text resizing:<\/strong> The option to increase or decrease the font size makes it easier for users with visual impairments to read content.<\/li><li><strong>Pause animations:<\/strong> Moving content can be paused to provide a more comfortable browsing experience for people with motion sensitivity.<\/li><li><strong>Highlighting of links:<\/strong> Links are clearly marked to simplify navigation for all users.<\/li><\/ul><p>\u00a0<\/p><p>By using the Ally plugin, we want to ensure that our website complies with the Web Content Accessibility Guidelines (WCAG) and is therefore accessible to all visitors.<\/p>\t\t\t\t\t\t\t\t<\/div>\n\t\t\t\t<\/div>\n\t\t\t\t<\/div>\n\t\t<div class=\"elementor-element elementor-element-9386499 e-con-full e-flex e-con e-child\" data-id=\"9386499\" data-element_type=\"container\">\n\t\t\t\t<\/div>\n\t\t\t\t\t<\/div>\n\t\t\t\t<\/div>\n\t\t\t\t<\/div>","protected":false},"excerpt":{"rendered":"<p>Greussing Kranservice Accessibility To improve the usability of our website and ensure accessibility for all, we use the Ally plugin from Elementor. This user-friendly tool makes it possible to provide important accessibility features, such as: Contrast adjustment: Users can adjust the color contrast of the website individually, which is especially helpful for people with visual impairments. Text resizing: [...]<\/p>","protected":false},"author":1,"featured_media":0,"parent":0,"menu_order":0,"comment_status":"closed","ping_status":"closed","template":"elementor_header_footer","meta":{"inline_featured_image":false,"footnotes":""},"class_list":["post-1308","page","type-page","status-publish","hentry"],"yoast_head":"<!-- This site is optimized with the Yoast SEO plugin v26.5 - https:\/\/yoast.com\/wordpress\/plugins\/seo\/ -->\n<title>Barrierefreiheit - Kranservice Greussing<\/title>\n<meta name=\"robots\" content=\"index, follow, max-snippet:-1, max-image-preview:large, max-video-preview:-1\" \/>\n<link rel=\"canonical\" href=\"https:\/\/neu.kranservice-greussing.com\/barrierefreiheit\/\" \/>\n<meta property=\"og:locale\" content=\"en_US\" \/>\n<meta property=\"og:type\" content=\"article\" \/>\n<meta property=\"og:title\" content=\"Barrierefreiheit - Kranservice Greussing\" \/>\n<meta property=\"og:description\" content=\"Greussing Kranservice Barrierefreitheit Um die Benutzerfreundlichkeit unserer Website zu verbessern und die Zug\u00e4nglichkeit f\u00fcr alle zu gew\u00e4hrleisten, verwenden wir das Ally-Plugin von Elementor. Dieses benutzerfreundliche Tool erm\u00f6glicht es, wichtige Barrierefreiheitsfunktionen bereitzustellen, wie zum Beispiel:\u200b Anpassung des Kontrasts: User k\u00f6nnen den Farbkontrast der Website individuell einstellen, was insbesondere f\u00fcr Menschen mit Sehbeeintr\u00e4chtigungen hilfreich ist. \u200b Textgr\u00f6\u00dfen\u00e4nderung: [&hellip;]\" \/>\n<meta property=\"og:url\" content=\"https:\/\/neu.kranservice-greussing.com\/barrierefreiheit\/\" \/>\n<meta property=\"og:site_name\" content=\"Kranservice Greussing\" \/>\n<meta property=\"article:modified_time\" content=\"2025-05-07T07:46:11+00:00\" \/>\n<meta name=\"twitter:card\" content=\"summary_large_image\" \/>\n<meta name=\"twitter:label1\" content=\"Est. reading time\" \/>\n\t<meta name=\"twitter:data1\" content=\"1 minute\" \/>\n<script type=\"application\/ld+json\" class=\"yoast-schema-graph\">{\"@context\":\"https:\/\/schema.org\",\"@graph\":[{\"@type\":\"WebPage\",\"@id\":\"https:\/\/neu.kranservice-greussing.com\/barrierefreiheit\/\",\"url\":\"https:\/\/neu.kranservice-greussing.com\/barrierefreiheit\/\",\"name\":\"Barrierefreiheit - Kranservice Greussing\",\"isPartOf\":{\"@id\":\"https:\/\/neu.kranservice-greussing.com\/#website\"},\"datePublished\":\"2025-05-07T07:38:13+00:00\",\"dateModified\":\"2025-05-07T07:46:11+00:00\",\"breadcrumb\":{\"@id\":\"https:\/\/neu.kranservice-greussing.com\/barrierefreiheit\/#breadcrumb\"},\"inLanguage\":\"en-US\",\"potentialAction\":[{\"@type\":\"ReadAction\",\"target\":[\"https:\/\/neu.kranservice-greussing.com\/barrierefreiheit\/\"]}]},{\"@type\":\"BreadcrumbList\",\"@id\":\"https:\/\/neu.kranservice-greussing.com\/barrierefreiheit\/#breadcrumb\",\"itemListElement\":[{\"@type\":\"ListItem\",\"position\":1,\"name\":\"Home\",\"item\":\"https:\/\/kranservice-greussing.com\/\"},{\"@type\":\"ListItem\",\"position\":2,\"name\":\"Barrierefreiheit\"}]},{\"@type\":\"WebSite\",\"@id\":\"https:\/\/neu.kranservice-greussing.com\/#website\",\"url\":\"https:\/\/neu.kranservice-greussing.com\/\",\"name\":\"Kranservice Greussing\",\"description\":\"\",\"publisher\":{\"@id\":\"https:\/\/neu.kranservice-greussing.com\/#organization\"},\"potentialAction\":[{\"@type\":\"SearchAction\",\"target\":{\"@type\":\"EntryPoint\",\"urlTemplate\":\"https:\/\/neu.kranservice-greussing.com\/?s={search_term_string}\"},\"query-input\":{\"@type\":\"PropertyValueSpecification\",\"valueRequired\":true,\"valueName\":\"search_term_string\"}}],\"inLanguage\":\"en-US\"},{\"@type\":\"Organization\",\"@id\":\"https:\/\/neu.kranservice-greussing.com\/#organization\",\"name\":\"Kranservice Greussing\",\"url\":\"https:\/\/neu.kranservice-greussing.com\/\",\"logo\":{\"@type\":\"ImageObject\",\"inLanguage\":\"en-US\",\"@id\":\"https:\/\/neu.kranservice-greussing.com\/#\/schema\/logo\/image\/\",\"url\":\"https:\/\/kranservice-greussing.com\/wp-content\/uploads\/2025\/03\/Greussing-Logo-2025.svg\",\"contentUrl\":\"https:\/\/kranservice-greussing.com\/wp-content\/uploads\/2025\/03\/Greussing-Logo-2025.svg\",\"width\":157,\"height\":122,\"caption\":\"Kranservice Greussing\"},\"image\":{\"@id\":\"https:\/\/neu.kranservice-greussing.com\/#\/schema\/logo\/image\/\"}}]}<\/script>\n<!-- \/ Yoast SEO plugin. -->","yoast_head_json":{"title":"Accessibility - Kranservice Greussing","robots":{"index":"index","follow":"follow","max-snippet":"max-snippet:-1","max-image-preview":"max-image-preview:large","max-video-preview":"max-video-preview:-1"},"canonical":"https:\/\/neu.kranservice-greussing.com\/barrierefreiheit\/","og_locale":"en_US","og_type":"article","og_title":"Barrierefreiheit - Kranservice Greussing","og_description":"Greussing Kranservice Barrierefreitheit Um die Benutzerfreundlichkeit unserer Website zu verbessern und die Zug\u00e4nglichkeit f\u00fcr alle zu gew\u00e4hrleisten, verwenden wir das Ally-Plugin von Elementor. Dieses benutzerfreundliche Tool erm\u00f6glicht es, wichtige Barrierefreiheitsfunktionen bereitzustellen, wie zum Beispiel:\u200b Anpassung des Kontrasts: User k\u00f6nnen den Farbkontrast der Website individuell einstellen, was insbesondere f\u00fcr Menschen mit Sehbeeintr\u00e4chtigungen hilfreich ist. \u200b Textgr\u00f6\u00dfen\u00e4nderung: [&hellip;]","og_url":"https:\/\/neu.kranservice-greussing.com\/barrierefreiheit\/","og_site_name":"Kranservice Greussing","article_modified_time":"2025-05-07T07:46:11+00:00","twitter_card":"summary_large_image","twitter_misc":{"Est. reading time":"1 minute"},"schema":{"@context":"https:\/\/schema.org","@graph":[{"@type":"WebPage","@id":"https:\/\/neu.kranservice-greussing.com\/barrierefreiheit\/","url":"https:\/\/neu.kranservice-greussing.com\/barrierefreiheit\/","name":"Accessibility - Kranservice Greussing","isPartOf":{"@id":"https:\/\/neu.kranservice-greussing.com\/#website"},"datePublished":"2025-05-07T07:38:13+00:00","dateModified":"2025-05-07T07:46:11+00:00","breadcrumb":{"@id":"https:\/\/neu.kranservice-greussing.com\/barrierefreiheit\/#breadcrumb"},"inLanguage":"en-US","potentialAction":[{"@type":"ReadAction","target":["https:\/\/neu.kranservice-greussing.com\/barrierefreiheit\/"]}]},{"@type":"BreadcrumbList","@id":"https:\/\/neu.kranservice-greussing.com\/barrierefreiheit\/#breadcrumb","itemListElement":[{"@type":"ListItem","position":1,"name":"Home","item":"https:\/\/kranservice-greussing.com\/"},{"@type":"ListItem","position":2,"name":"Barrierefreiheit"}]},{"@type":"WebSite","@id":"https:\/\/neu.kranservice-greussing.com\/#website","url":"https:\/\/neu.kranservice-greussing.com\/","name":"Crane service Greussing","description":"","publisher":{"@id":"https:\/\/neu.kranservice-greussing.com\/#organization"},"potentialAction":[{"@type":"SearchAction","target":{"@type":"EntryPoint","urlTemplate":"https:\/\/neu.kranservice-greussing.com\/?s={search_term_string}"},"query-input":{"@type":"PropertyValueSpecification","valueRequired":true,"valueName":"search_term_string"}}],"inLanguage":"en-US"},{"@type":"Organization","@id":"https:\/\/neu.kranservice-greussing.com\/#organization","name":"Crane service Greussing","url":"https:\/\/neu.kranservice-greussing.com\/","logo":{"@type":"ImageObject","inLanguage":"en-US","@id":"https:\/\/neu.kranservice-greussing.com\/#\/schema\/logo\/image\/","url":"https:\/\/kranservice-greussing.com\/wp-content\/uploads\/2025\/03\/Greussing-Logo-2025.svg","contentUrl":"https:\/\/kranservice-greussing.com\/wp-content\/uploads\/2025\/03\/Greussing-Logo-2025.svg","width":157,"height":122,"caption":"Kranservice Greussing"},"image":{"@id":"https:\/\/neu.kranservice-greussing.com\/#\/schema\/logo\/image\/"}}]}},"_links":{"self":[{"href":"https:\/\/kranservice-greussing.com\/en\/wp-json\/wp\/v2\/pages\/1308","targetHints":{"allow":["GET"]}}],"collection":[{"href":"https:\/\/kranservice-greussing.com\/en\/wp-json\/wp\/v2\/pages"}],"about":[{"href":"https:\/\/kranservice-greussing.com\/en\/wp-json\/wp\/v2\/types\/page"}],"author":[{"embeddable":true,"href":"https:\/\/kranservice-greussing.com\/en\/wp-json\/wp\/v2\/users\/1"}],"replies":[{"embeddable":true,"href":"https:\/\/kranservice-greussing.com\/en\/wp-json\/wp\/v2\/comments?post=1308"}],"version-history":[{"count":4,"href":"https:\/\/kranservice-greussing.com\/en\/wp-json\/wp\/v2\/pages\/1308\/revisions"}],"predecessor-version":[{"id":1319,"href":"https:\/\/kranservice-greussing.com\/en\/wp-json\/wp\/v2\/pages\/1308\/revisions\/1319"}],"wp:attachment":[{"href":"https:\/\/kranservice-greussing.com\/en\/wp-json\/wp\/v2\/media?parent=1308"}],"curies":[{"name":"wp","href":"https:\/\/api.w.org\/{rel}","templated":true}]}}