{"id":1302,"date":"2025-05-07T08:27:38","date_gmt":"2025-05-07T07:27:38","guid":{"rendered":"https:\/\/kranservice-greussing.com\/?page_id=1302"},"modified":"2025-05-07T08:56:08","modified_gmt":"2025-05-07T07:56:08","slug":"imprint","status":"publish","type":"page","link":"https:\/\/kranservice-greussing.com\/en\/imprint\/","title":{"rendered":"Imprint"},"content":{"rendered":"<div data-elementor-type=\"wp-page\" data-elementor-id=\"1302\" class=\"elementor elementor-1302\" data-elementor-post-type=\"page\">\n\t\t\t\t<div class=\"elementor-element elementor-element-5522f5f e-flex e-con-boxed e-con e-parent\" data-id=\"5522f5f\" data-element_type=\"container\" data-settings=\"{&quot;background_background&quot;:&quot;classic&quot;}\">\n\t\t\t\t\t<div class=\"e-con-inner\">\n\t\t<div class=\"elementor-element elementor-element-7b71e99 e-con-full e-flex e-con e-child\" data-id=\"7b71e99\" data-element_type=\"container\">\n\t\t\t\t<div class=\"elementor-element elementor-element-821acf5 elementor-widget elementor-widget-heading\" data-id=\"821acf5\" data-element_type=\"widget\" data-widget_type=\"heading.default\">\n\t\t\t\t<div class=\"elementor-widget-container\">\n\t\t\t\t\t<h3 class=\"elementor-heading-title elementor-size-default\">Greussing Crane Service<\/h3>\t\t\t\t<\/div>\n\t\t\t\t<\/div>\n\t\t\t\t<div class=\"elementor-element elementor-element-8e1d24e elementor-widget elementor-widget-heading\" data-id=\"8e1d24e\" data-element_type=\"widget\" data-widget_type=\"heading.default\">\n\t\t\t\t<div class=\"elementor-widget-container\">\n\t\t\t\t\t<h1 class=\"elementor-heading-title elementor-size-default\">Imprint<\/h1>\t\t\t\t<\/div>\n\t\t\t\t<\/div>\n\t\t\t\t<\/div>\n\t\t<div class=\"elementor-element elementor-element-126d963 e-con-full e-flex e-con e-child\" data-id=\"126d963\" data-element_type=\"container\">\n\t\t\t\t<div class=\"elementor-element elementor-element-dc13b08 elementor-widget elementor-widget-menu-anchor\" data-id=\"dc13b08\" data-element_type=\"widget\" data-widget_type=\"menu-anchor.default\">\n\t\t\t\t<div class=\"elementor-widget-container\">\n\t\t\t\t\t\t\t<div class=\"elementor-menu-anchor\" id=\"mehr\"><\/div>\n\t\t\t\t\t\t<\/div>\n\t\t\t\t<\/div>\n\t\t\t\t<\/div>\n\t\t\t\t\t<\/div>\n\t\t\t\t<\/div>\n\t\t<div class=\"elementor-element elementor-element-853e544 e-flex e-con-boxed e-con e-parent\" data-id=\"853e544\" data-element_type=\"container\">\n\t\t\t\t\t<div class=\"e-con-inner\">\n\t\t<div class=\"elementor-element elementor-element-f0b8061 e-con-full e-flex e-con e-child\" data-id=\"f0b8061\" data-element_type=\"container\">\n\t\t\t\t<div class=\"elementor-element elementor-element-974e9bc elementor-widget elementor-widget-text-editor\" data-id=\"974e9bc\" data-element_type=\"widget\" data-widget_type=\"text-editor.default\">\n\t\t\t\t<div class=\"elementor-widget-container\">\n\t\t\t\t\t\t\t\t\t<p><strong>Greussing Kran- &amp; Anlagentechnik GmbH<\/strong> <br \/>Bersbuch 745<br \/>A-6866 Andelsbuch<\/p><p>T: <a href=\"tel:05512 26321\">05512 26321<\/a><br data-start=\"912\" data-end=\"915\" \/>E: <a href=\"mailto:office@kranservice-greussing.com\">office@kranservice-greussing.com<\/a><br \/>W: <a href=\"https:\/\/kranservice-greussing.com\/en\/\">www.kranservice-greussing.com<\/a><\/p><p>Company register: <strong>FN 636976 f<\/strong><br \/>Vorarlberg Provincial Court<br \/>UID-No.: ATU81269805<\/p><p>\u00a0<\/p><p><strong>Liability:<\/strong><br \/>All content on this website has been carefully checked. Nevertheless, no guarantee can be given for the correctness, completeness and topicality of the information. Despite careful checking of the content, GREAT MOOD accepts no liability for the content of external links. The operators of the linked pages are solely responsible for their content.<br \/><br \/><\/p><p><strong>Copyright<\/strong><br \/>The rights to images and texts on this website belong to Greussing Kran- &amp; Anlagentechnik GmbH<br \/><br \/><\/p><p><strong>Website implementation:<\/strong><br \/><a href=\"https:\/\/www.greatmood.at\/\">GREAT MOOD by Markus Peter<\/a><\/p><p>\u00a0<\/p>\t\t\t\t\t\t\t\t<\/div>\n\t\t\t\t<\/div>\n\t\t\t\t<\/div>\n\t\t<div class=\"elementor-element elementor-element-ac96cf9 e-con-full e-flex e-con e-child\" data-id=\"ac96cf9\" data-element_type=\"container\">\n\t\t\t\t<\/div>\n\t\t\t\t\t<\/div>\n\t\t\t\t<\/div>\n\t\t\t\t<\/div>","protected":false},"excerpt":{"rendered":"<p>Greussing Kranservice Imprint Greussing Kran- &amp; Anlagentechnik GmbH Bersbuch 745A-6866 Andelsbuch T: 05512 26321E: office@kranservice-greussing.comW: www.kranservice-greussing.com Company register: FN 636976 fLandesgericht VorarlbergUID-No.: ATU81269805 Liability:All content on this website has been carefully checked. Nevertheless, no guarantee can be given for the correctness, completeness and topicality of the information. Despite careful control of the content, GREAT MOOD assumes no liability for [...]<\/p>","protected":false},"author":1,"featured_media":0,"parent":0,"menu_order":0,"comment_status":"closed","ping_status":"closed","template":"elementor_header_footer","meta":{"inline_featured_image":false,"footnotes":""},"class_list":["post-1302","page","type-page","status-publish","hentry"],"yoast_head":"<!-- This site is optimized with the Yoast SEO plugin v26.5 - https:\/\/yoast.com\/wordpress\/plugins\/seo\/ -->\n<title>Impressum - Kranservice Greussing<\/title>\n<meta name=\"robots\" content=\"index, follow, max-snippet:-1, max-image-preview:large, max-video-preview:-1\" \/>\n<link rel=\"canonical\" href=\"https:\/\/neu.kranservice-greussing.com\/impressum\/\" \/>\n<meta property=\"og:locale\" content=\"en_US\" \/>\n<meta property=\"og:type\" content=\"article\" \/>\n<meta property=\"og:title\" content=\"Impressum - Kranservice Greussing\" \/>\n<meta property=\"og:description\" content=\"Greussing Kranservice Impressum Greussing Kran- &amp; Anlagentechnik GmbH Bersbuch 745A-6866 Andelsbuch T: 05512 26321E: office@kranservice-greussing.comW: www.kranservice-greussing.com Firmenbuch: FN 636976 fLandesgericht VorarlbergUID-Nr.: ATU81269805 \u00a0 Haftung:S\u00e4mtliche Inhalte auf dieser Website wurden sorgf\u00e4ltig gepr\u00fcft. Dessen ungeachtet kann keine Garantie f\u00fcr Richtigkeit, Vollst\u00e4ndigkeit und Aktualit\u00e4t der Angaben \u00fcbernommen werden. Trotz sorgf\u00e4ltiger inhaltlicher Kontrolle \u00fcbernimmt GREAT MOOD keine Haftung f\u00fcr [&hellip;]\" \/>\n<meta property=\"og:url\" content=\"https:\/\/neu.kranservice-greussing.com\/impressum\/\" \/>\n<meta property=\"og:site_name\" content=\"Kranservice Greussing\" \/>\n<meta property=\"article:modified_time\" content=\"2025-05-07T07:56:08+00:00\" \/>\n<meta name=\"twitter:card\" content=\"summary_large_image\" \/>\n<meta name=\"twitter:label1\" content=\"Est. reading time\" \/>\n\t<meta name=\"twitter:data1\" content=\"1 minute\" \/>\n<script type=\"application\/ld+json\" class=\"yoast-schema-graph\">{\"@context\":\"https:\/\/schema.org\",\"@graph\":[{\"@type\":\"WebPage\",\"@id\":\"https:\/\/neu.kranservice-greussing.com\/impressum\/\",\"url\":\"https:\/\/neu.kranservice-greussing.com\/impressum\/\",\"name\":\"Impressum - Kranservice Greussing\",\"isPartOf\":{\"@id\":\"https:\/\/neu.kranservice-greussing.com\/#website\"},\"datePublished\":\"2025-05-07T07:27:38+00:00\",\"dateModified\":\"2025-05-07T07:56:08+00:00\",\"breadcrumb\":{\"@id\":\"https:\/\/neu.kranservice-greussing.com\/impressum\/#breadcrumb\"},\"inLanguage\":\"en-US\",\"potentialAction\":[{\"@type\":\"ReadAction\",\"target\":[\"https:\/\/neu.kranservice-greussing.com\/impressum\/\"]}]},{\"@type\":\"BreadcrumbList\",\"@id\":\"https:\/\/neu.kranservice-greussing.com\/impressum\/#breadcrumb\",\"itemListElement\":[{\"@type\":\"ListItem\",\"position\":1,\"name\":\"Home\",\"item\":\"https:\/\/kranservice-greussing.com\/\"},{\"@type\":\"ListItem\",\"position\":2,\"name\":\"Impressum\"}]},{\"@type\":\"WebSite\",\"@id\":\"https:\/\/neu.kranservice-greussing.com\/#website\",\"url\":\"https:\/\/neu.kranservice-greussing.com\/\",\"name\":\"Kranservice Greussing\",\"description\":\"\",\"publisher\":{\"@id\":\"https:\/\/neu.kranservice-greussing.com\/#organization\"},\"potentialAction\":[{\"@type\":\"SearchAction\",\"target\":{\"@type\":\"EntryPoint\",\"urlTemplate\":\"https:\/\/neu.kranservice-greussing.com\/?s={search_term_string}\"},\"query-input\":{\"@type\":\"PropertyValueSpecification\",\"valueRequired\":true,\"valueName\":\"search_term_string\"}}],\"inLanguage\":\"en-US\"},{\"@type\":\"Organization\",\"@id\":\"https:\/\/neu.kranservice-greussing.com\/#organization\",\"name\":\"Kranservice Greussing\",\"url\":\"https:\/\/neu.kranservice-greussing.com\/\",\"logo\":{\"@type\":\"ImageObject\",\"inLanguage\":\"en-US\",\"@id\":\"https:\/\/neu.kranservice-greussing.com\/#\/schema\/logo\/image\/\",\"url\":\"https:\/\/kranservice-greussing.com\/wp-content\/uploads\/2025\/03\/Greussing-Logo-2025.svg\",\"contentUrl\":\"https:\/\/kranservice-greussing.com\/wp-content\/uploads\/2025\/03\/Greussing-Logo-2025.svg\",\"width\":157,\"height\":122,\"caption\":\"Kranservice Greussing\"},\"image\":{\"@id\":\"https:\/\/neu.kranservice-greussing.com\/#\/schema\/logo\/image\/\"}}]}<\/script>\n<!-- \/ Yoast SEO plugin. -->","yoast_head_json":{"title":"Imprint - Kranservice Greussing","robots":{"index":"index","follow":"follow","max-snippet":"max-snippet:-1","max-image-preview":"max-image-preview:large","max-video-preview":"max-video-preview:-1"},"canonical":"https:\/\/neu.kranservice-greussing.com\/impressum\/","og_locale":"en_US","og_type":"article","og_title":"Impressum - Kranservice Greussing","og_description":"Greussing Kranservice Impressum Greussing Kran- &amp; Anlagentechnik GmbH Bersbuch 745A-6866 Andelsbuch T: 05512 26321E: office@kranservice-greussing.comW: www.kranservice-greussing.com Firmenbuch: FN 636976 fLandesgericht VorarlbergUID-Nr.: ATU81269805 \u00a0 Haftung:S\u00e4mtliche Inhalte auf dieser Website wurden sorgf\u00e4ltig gepr\u00fcft. Dessen ungeachtet kann keine Garantie f\u00fcr Richtigkeit, Vollst\u00e4ndigkeit und Aktualit\u00e4t der Angaben \u00fcbernommen werden. Trotz sorgf\u00e4ltiger inhaltlicher Kontrolle \u00fcbernimmt GREAT MOOD keine Haftung f\u00fcr [&hellip;]","og_url":"https:\/\/neu.kranservice-greussing.com\/impressum\/","og_site_name":"Kranservice Greussing","article_modified_time":"2025-05-07T07:56:08+00:00","twitter_card":"summary_large_image","twitter_misc":{"Est. reading time":"1 minute"},"schema":{"@context":"https:\/\/schema.org","@graph":[{"@type":"WebPage","@id":"https:\/\/neu.kranservice-greussing.com\/impressum\/","url":"https:\/\/neu.kranservice-greussing.com\/impressum\/","name":"Imprint - Kranservice Greussing","isPartOf":{"@id":"https:\/\/neu.kranservice-greussing.com\/#website"},"datePublished":"2025-05-07T07:27:38+00:00","dateModified":"2025-05-07T07:56:08+00:00","breadcrumb":{"@id":"https:\/\/neu.kranservice-greussing.com\/impressum\/#breadcrumb"},"inLanguage":"en-US","potentialAction":[{"@type":"ReadAction","target":["https:\/\/neu.kranservice-greussing.com\/impressum\/"]}]},{"@type":"BreadcrumbList","@id":"https:\/\/neu.kranservice-greussing.com\/impressum\/#breadcrumb","itemListElement":[{"@type":"ListItem","position":1,"name":"Home","item":"https:\/\/kranservice-greussing.com\/"},{"@type":"ListItem","position":2,"name":"Impressum"}]},{"@type":"WebSite","@id":"https:\/\/neu.kranservice-greussing.com\/#website","url":"https:\/\/neu.kranservice-greussing.com\/","name":"Crane service Greussing","description":"","publisher":{"@id":"https:\/\/neu.kranservice-greussing.com\/#organization"},"potentialAction":[{"@type":"SearchAction","target":{"@type":"EntryPoint","urlTemplate":"https:\/\/neu.kranservice-greussing.com\/?s={search_term_string}"},"query-input":{"@type":"PropertyValueSpecification","valueRequired":true,"valueName":"search_term_string"}}],"inLanguage":"en-US"},{"@type":"Organization","@id":"https:\/\/neu.kranservice-greussing.com\/#organization","name":"Crane service Greussing","url":"https:\/\/neu.kranservice-greussing.com\/","logo":{"@type":"ImageObject","inLanguage":"en-US","@id":"https:\/\/neu.kranservice-greussing.com\/#\/schema\/logo\/image\/","url":"https:\/\/kranservice-greussing.com\/wp-content\/uploads\/2025\/03\/Greussing-Logo-2025.svg","contentUrl":"https:\/\/kranservice-greussing.com\/wp-content\/uploads\/2025\/03\/Greussing-Logo-2025.svg","width":157,"height":122,"caption":"Kranservice Greussing"},"image":{"@id":"https:\/\/neu.kranservice-greussing.com\/#\/schema\/logo\/image\/"}}]}},"_links":{"self":[{"href":"https:\/\/kranservice-greussing.com\/en\/wp-json\/wp\/v2\/pages\/1302","targetHints":{"allow":["GET"]}}],"collection":[{"href":"https:\/\/kranservice-greussing.com\/en\/wp-json\/wp\/v2\/pages"}],"about":[{"href":"https:\/\/kranservice-greussing.com\/en\/wp-json\/wp\/v2\/types\/page"}],"author":[{"embeddable":true,"href":"https:\/\/kranservice-greussing.com\/en\/wp-json\/wp\/v2\/users\/1"}],"replies":[{"embeddable":true,"href":"https:\/\/kranservice-greussing.com\/en\/wp-json\/wp\/v2\/comments?post=1302"}],"version-history":[{"count":7,"href":"https:\/\/kranservice-greussing.com\/en\/wp-json\/wp\/v2\/pages\/1302\/revisions"}],"predecessor-version":[{"id":1326,"href":"https:\/\/kranservice-greussing.com\/en\/wp-json\/wp\/v2\/pages\/1302\/revisions\/1326"}],"wp:attachment":[{"href":"https:\/\/kranservice-greussing.com\/en\/wp-json\/wp\/v2\/media?parent=1302"}],"curies":[{"name":"wp","href":"https:\/\/api.w.org\/{rel}","templated":true}]}}